{"id":4167,"date":"2026-03-16T12:17:53","date_gmt":"2026-03-16T17:17:53","guid":{"rendered":"https:\/\/wordpress.rextie.net\/?page_id=4167"},"modified":"2026-03-27T16:01:27","modified_gmt":"2026-03-27T21:01:27","slug":"sorteo-adios-verano","status":"publish","type":"page","link":"https:\/\/wordpress.rextie.net\/?page_id=4167","title":{"rendered":"Sorteo: Adi\u00f3s Verano"},"content":{"rendered":"<h3><span dir=\"auto\" style=\"vertical-align: inherit;\">T\u00e9rminos y condiciones para ganar:<\/span><\/h3>\n<ul>\n<li><span dir=\"auto\" style=\"vertical-align: inherit;\">Campa\u00f1a exclusiva para\u00a0 <\/span><strong><span dir=\"auto\" style=\"vertical-align: inherit;\">clientes registrados bajo el perfil de empresa y personas<\/span><\/strong><\/li>\n<li><span dir=\"auto\" style=\"vertical-align: inherit;\">El usuario participar\u00e1 de <\/span><strong><span dir=\"auto\" style=\"vertical-align: inherit;\">manera autom\u00e1tica al usar el cup\u00f3n ADIOSVERANO.<\/span><\/strong><\/li>\n<li><span dir=\"auto\" style=\"vertical-align: inherit;\">La campa\u00f1a tendr\u00e1<strong> 3 ganadores.<\/strong><\/span><\/li>\n<li><span dir=\"auto\" style=\"vertical-align: inherit;\">La campa\u00f1a tendr\u00e1\u00a0 <\/span><strong><span dir=\"auto\" style=\"vertical-align: inherit;\">vigencia hasta el de 31 de marzo<\/span><\/strong><span dir=\"auto\" style=\"vertical-align: inherit;\">\u00a0 del 2006.<\/span><\/li>\n<li><span dir=\"auto\" style=\"vertical-align: inherit;\">Se contactar\u00e1 a los ganadores en su perfil de la cuenta y v\u00eda correo.<\/span><\/li>\n<\/ul>\n<h3><span dir=\"auto\" style=\"vertical-align: inherit;\">Informaci\u00f3n sobre el premio:<\/span><\/h3>\n<ul>\n<li><span dir=\"auto\" style=\"vertical-align: inherit;\">Premio: Combo de Bebida + galleta en Starbucks<\/span><\/li>\n<li><span dir=\"auto\" style=\"vertical-align: inherit;\">El sorteo tendr\u00e1 3 Ganadores<\/span><\/li>\n<li><span dir=\"auto\" style=\"vertical-align: inherit;\">La entrega del premio se realizar\u00e1 de manera virtual previa coordinaci\u00f3n.<\/span><\/li>\n<\/ul>\n","protected":false},"excerpt":{"rendered":"<p>T\u00e9rminos y condiciones para ganar: Campa\u00f1a exclusiva para\u00a0 clientes registrados bajo el perfil de empresa y personas El usuario participar\u00e1 de manera autom\u00e1tica al usar el cup\u00f3n ADIOSVERANO. La campa\u00f1a tendr\u00e1 3 ganadores. La campa\u00f1a tendr\u00e1\u00a0 vigencia hasta el de 31 de marzo\u00a0 del 2006. Se contactar\u00e1 a los ganadores en su perfil de la [&hellip;]<\/p>\n","protected":false},"author":2,"featured_media":0,"parent":0,"menu_order":0,"comment_status":"closed","ping_status":"closed","template":"","meta":{"footnotes":""},"class_list":["post-4167","page","type-page","status-publish","hentry"],"acf":{"is_terms_and_conditions_page":true,"theme":"cotizador","background_image":false,"background_image_mobile":false,"main_title_first":"","main_title_second":"","second_text":"","coupon":"","terms_and_conditions":"","social_comments":false,"meta_keywords":"","meta_description":"","meta_title":"","meta_image":false},"_links":{"self":[{"href":"https:\/\/wordpress.rextie.net\/index.php?rest_route=\/wp\/v2\/pages\/4167","targetHints":{"allow":["GET"]}}],"collection":[{"href":"https:\/\/wordpress.rextie.net\/index.php?rest_route=\/wp\/v2\/pages"}],"about":[{"href":"https:\/\/wordpress.rextie.net\/index.php?rest_route=\/wp\/v2\/types\/page"}],"author":[{"embeddable":true,"href":"https:\/\/wordpress.rextie.net\/index.php?rest_route=\/wp\/v2\/users\/2"}],"replies":[{"embeddable":true,"href":"https:\/\/wordpress.rextie.net\/index.php?rest_route=%2Fwp%2Fv2%2Fcomments&post=4167"}],"version-history":[{"count":0,"href":"https:\/\/wordpress.rextie.net\/index.php?rest_route=\/wp\/v2\/pages\/4167\/revisions"}],"wp:attachment":[{"href":"https:\/\/wordpress.rextie.net\/index.php?rest_route=%2Fwp%2Fv2%2Fmedia&parent=4167"}],"curies":[{"name":"wp","href":"https:\/\/api.w.org\/{rel}","templated":true}]}}