{"id":4024,"date":"2025-12-26T09:16:38","date_gmt":"2025-12-26T14:16:38","guid":{"rendered":"https:\/\/wordpress.rextie.net\/?page_id=4024"},"modified":"2025-12-26T09:16:38","modified_gmt":"2025-12-26T14:16:38","slug":"sorteo-del-mes","status":"publish","type":"page","link":"https:\/\/wordpress.rextie.net\/?page_id=4024","title":{"rendered":"\u00a1Sorteo del mes!"},"content":{"rendered":"<p><strong>T\u00e9rminos y condiciones para ganar:\u00a0<\/strong><\/p>\n<ul>\n<li>Campa\u00f1a exclusiva para <strong>clientes registrados bajo el perfil de empresa y personas<\/strong><\/li>\n<li>El usuario participar\u00e1 de<strong> manera autom\u00e1tica al usar el cup\u00f3n CAFE26.<\/strong><\/li>\n<li>La campa\u00f1a tendr\u00e1 un total de 3 ganadores<\/li>\n<li>Campa\u00f1a tendr\u00e1 <strong>vigencia hasta el 15 de enero<\/strong> del 2026.<\/li>\n<\/ul>\n<p>&nbsp;<\/p>\n<p><b>Informaci\u00f3n sobre el vale de consumo:<\/b><\/p>\n<ul>\n<li>3 Vales dobles de Starbucks:\n<ul>\n<li>El Vale contiene 1 Bebida de tama\u00f1o alto + 1 Galleta a elecci\u00f3n<\/li>\n<\/ul>\n<\/li>\n<\/ul>\n<p>Toda entrega se realizar\u00e1 de manera virtual v\u00eda correo.<\/p>\n","protected":false},"excerpt":{"rendered":"<p>T\u00e9rminos y condiciones para ganar:\u00a0 Campa\u00f1a exclusiva para clientes registrados bajo el perfil de empresa y personas El usuario participar\u00e1 de manera autom\u00e1tica al usar el cup\u00f3n CAFE26. La campa\u00f1a tendr\u00e1 un total de 3 ganadores Campa\u00f1a tendr\u00e1 vigencia hasta el 15 de enero del 2026. &nbsp; Informaci\u00f3n sobre el vale de consumo: 3 Vales [&hellip;]<\/p>\n","protected":false},"author":2,"featured_media":0,"parent":0,"menu_order":0,"comment_status":"closed","ping_status":"closed","template":"","meta":{"footnotes":""},"class_list":["post-4024","page","type-page","status-publish","hentry"],"acf":{"is_terms_and_conditions_page":true,"theme":"cotizador","background_image":false,"background_image_mobile":false,"main_title_first":"","main_title_second":"","second_text":"","coupon":"","terms_and_conditions":"","social_comments":false,"meta_keywords":"","meta_description":"","meta_title":"","meta_image":false},"_links":{"self":[{"href":"https:\/\/wordpress.rextie.net\/index.php?rest_route=\/wp\/v2\/pages\/4024","targetHints":{"allow":["GET"]}}],"collection":[{"href":"https:\/\/wordpress.rextie.net\/index.php?rest_route=\/wp\/v2\/pages"}],"about":[{"href":"https:\/\/wordpress.rextie.net\/index.php?rest_route=\/wp\/v2\/types\/page"}],"author":[{"embeddable":true,"href":"https:\/\/wordpress.rextie.net\/index.php?rest_route=\/wp\/v2\/users\/2"}],"replies":[{"embeddable":true,"href":"https:\/\/wordpress.rextie.net\/index.php?rest_route=%2Fwp%2Fv2%2Fcomments&post=4024"}],"version-history":[{"count":0,"href":"https:\/\/wordpress.rextie.net\/index.php?rest_route=\/wp\/v2\/pages\/4024\/revisions"}],"wp:attachment":[{"href":"https:\/\/wordpress.rextie.net\/index.php?rest_route=%2Fwp%2Fv2%2Fmedia&parent=4024"}],"curies":[{"name":"wp","href":"https:\/\/api.w.org\/{rel}","templated":true}]}}