{"id":3948,"date":"2025-12-05T11:04:02","date_gmt":"2025-12-05T16:04:02","guid":{"rendered":"https:\/\/wordpress.rextie.net\/?page_id=3948"},"modified":"2025-12-05T12:31:27","modified_gmt":"2025-12-05T17:31:27","slug":"comunicado-de-feriado-8-y-9-de-dicimebre","status":"publish","type":"page","link":"https:\/\/wordpress.rextie.net\/?page_id=3948","title":{"rendered":"Comunicado de feriado 8 y 9 de dicimebre"},"content":{"rendered":"<p data-start=\"247\" data-end=\"264\">Estimado Cliente:<\/p>\n<p data-start=\"266\" data-end=\"379\">Nos es grato saludarle y recordarle que los d\u00edas lunes 8 y martes 9 de diciembre de 2025 son feriados nacionales.<\/p>\n<p data-start=\"381\" data-end=\"456\">Por lo tanto, agradeceremos tomar en cuenta las siguientes consideraciones:<\/p>\n<ul data-start=\"458\" data-end=\"1081\">\n<li>El viernes 5 de diciembre, <strong>las transferencias realizadas con los bancos BCP, Interbank, BanBif y Pichincha, tendr\u00e1n atenci\u00f3n hasta las 7 p.m. y el s\u00e1bado 6 de diciembre, los bancos Interbank y BanBif operar\u00e1n hasta las 3 p.m. y BCP hasta las 2:30 p.m..<\/strong><\/li>\n<li data-start=\"458\" data-end=\"611\">\n<p data-start=\"460\" data-end=\"611\">Las transferencias interbancarias ordenadas hasta la <strong data-start=\"513\" data-end=\"561\">1:00 p.m. del viernes 5 de diciembre de 2025<\/strong> ser\u00e1n liquidadas en forma regular el mismo d\u00eda.<\/p>\n<\/li>\n<li data-start=\"612\" data-end=\"781\">\n<p data-start=\"614\" data-end=\"781\">Las transferencias interbancarias ordenadas <strong data-start=\"658\" data-end=\"720\">despu\u00e9s de la 1:00 p.m. del viernes 5 de diciembre de 2025<\/strong> ser\u00e1n liquidadas el <strong data-start=\"741\" data-end=\"778\">mi\u00e9rcoles 10 y jueves 11 de diciembre de 2025<\/strong>.<\/p>\n<\/li>\n<li data-start=\"782\" data-end=\"940\">\n<p data-start=\"784\" data-end=\"940\">Las transferencias interbancarias ordenadas con <strong data-start=\"832\" data-end=\"879\">fecha valor lunes 8 y martes 9 de diciembre<\/strong> ser\u00e1n liquidadas el <strong data-start=\"900\" data-end=\"937\">mi\u00e9rcoles 10 y jueves 11 de diciembre de 2025<\/strong>.<\/p>\n<\/li>\n<li data-start=\"941\" data-end=\"1081\">\n<p data-start=\"943\" data-end=\"1081\">Los cheques presentados a la compensaci\u00f3n el <strong data-start=\"988\" data-end=\"1022\">viernes 5 de diciembre de 2025<\/strong> ser\u00e1n liquidados el <strong data-start=\"1043\" data-end=\"1080\">mi\u00e9rcoles 10 y jueves 11 de diciembre de 2025<\/strong>.<\/p>\n<\/li>\n<\/ul>\n<p data-start=\"1083\" data-end=\"1259\">Agradeceremos tomar las medidas necesarias a fin de evitar posibles inconvenientes con sus pagos. De ser el caso, le sugerimos programar anticipadamente la fecha de los mismos.<\/p>\n","protected":false},"excerpt":{"rendered":"<p>Estimado Cliente: Nos es grato saludarle y recordarle que los d\u00edas lunes 8 y martes 9 de diciembre de 2025 son feriados nacionales. Por lo tanto, agradeceremos tomar en cuenta las siguientes consideraciones: El viernes 5 de diciembre, las transferencias realizadas con los bancos BCP, Interbank, BanBif y Pichincha, tendr\u00e1n atenci\u00f3n hasta las 7 p.m. [&hellip;]<\/p>\n","protected":false},"author":2,"featured_media":0,"parent":0,"menu_order":0,"comment_status":"closed","ping_status":"closed","template":"","meta":{"footnotes":""},"class_list":["post-3948","page","type-page","status-publish","hentry"],"acf":{"is_terms_and_conditions_page":true,"theme":"cotizador","background_image":false,"background_image_mobile":false,"main_title_first":"","main_title_second":"","second_text":"","coupon":"","terms_and_conditions":"","social_comments":false,"meta_keywords":"","meta_description":"","meta_title":"","meta_image":false},"_links":{"self":[{"href":"https:\/\/wordpress.rextie.net\/index.php?rest_route=\/wp\/v2\/pages\/3948","targetHints":{"allow":["GET"]}}],"collection":[{"href":"https:\/\/wordpress.rextie.net\/index.php?rest_route=\/wp\/v2\/pages"}],"about":[{"href":"https:\/\/wordpress.rextie.net\/index.php?rest_route=\/wp\/v2\/types\/page"}],"author":[{"embeddable":true,"href":"https:\/\/wordpress.rextie.net\/index.php?rest_route=\/wp\/v2\/users\/2"}],"replies":[{"embeddable":true,"href":"https:\/\/wordpress.rextie.net\/index.php?rest_route=%2Fwp%2Fv2%2Fcomments&post=3948"}],"version-history":[{"count":0,"href":"https:\/\/wordpress.rextie.net\/index.php?rest_route=\/wp\/v2\/pages\/3948\/revisions"}],"wp:attachment":[{"href":"https:\/\/wordpress.rextie.net\/index.php?rest_route=%2Fwp%2Fv2%2Fmedia&parent=3948"}],"curies":[{"name":"wp","href":"https:\/\/api.w.org\/{rel}","templated":true}]}}