{"id":3666,"date":"2025-09-16T10:34:27","date_gmt":"2025-09-16T15:34:27","guid":{"rendered":"https:\/\/wordpress.rextie.net\/?page_id=3666"},"modified":"2025-09-16T10:34:42","modified_gmt":"2025-09-16T15:34:42","slug":"cambia-y-gana","status":"publish","type":"page","link":"https:\/\/wordpress.rextie.net\/?page_id=3666","title":{"rendered":"\u00a1Cambia y gana!"},"content":{"rendered":"<h3>T\u00e9rminos y condiciones para ganar:<\/h3>\n<ul>\n<li>Campa\u00f1a exclusiva para\u00a0<strong>clientes registrados bajo el perfil de empresa y personas<\/strong><\/li>\n<li>El usuario participar\u00e1 de<strong> manera autom\u00e1tica al usar el cup\u00f3n YOGANO.<\/strong><\/li>\n<li>La campa\u00f1a tendr\u00e1 2 ganadores.<\/li>\n<li>Campa\u00f1a tendr\u00e1\u00a0<strong>vigencia hasta el de 20 de setiembre<\/strong>\u00a0del 2025.<\/li>\n<li>Se mencionar\u00e1 al ganador en redes sociales y v\u00eda mail a los participantes al finalizar el mes.<\/li>\n<\/ul>\n<h3>Informaci\u00f3n sobre el vale de consumo:<\/h3>\n<ul>\n<li>Gift Card de S\/ 100 para usar en Ripley.<\/li>\n<li>La entrega del premio se realizar\u00e1 de manera presencial.<\/li>\n<\/ul>\n","protected":false},"excerpt":{"rendered":"<p>T\u00e9rminos y condiciones para ganar: Campa\u00f1a exclusiva para\u00a0clientes registrados bajo el perfil de empresa y personas El usuario participar\u00e1 de manera autom\u00e1tica al usar el cup\u00f3n YOGANO. La campa\u00f1a tendr\u00e1 2 ganadores. Campa\u00f1a tendr\u00e1\u00a0vigencia hasta el de 20 de setiembre\u00a0del 2025. Se mencionar\u00e1 al ganador en redes sociales y v\u00eda mail a los participantes al [&hellip;]<\/p>\n","protected":false},"author":2,"featured_media":0,"parent":0,"menu_order":0,"comment_status":"closed","ping_status":"closed","template":"","meta":{"footnotes":""},"class_list":["post-3666","page","type-page","status-publish","hentry"],"acf":{"is_terms_and_conditions_page":true,"theme":"cotizador","background_image":false,"background_image_mobile":false,"main_title_first":"","main_title_second":"","second_text":"","coupon":"","terms_and_conditions":"","social_comments":false,"meta_keywords":"","meta_description":"","meta_title":"","meta_image":false},"_links":{"self":[{"href":"https:\/\/wordpress.rextie.net\/index.php?rest_route=\/wp\/v2\/pages\/3666","targetHints":{"allow":["GET"]}}],"collection":[{"href":"https:\/\/wordpress.rextie.net\/index.php?rest_route=\/wp\/v2\/pages"}],"about":[{"href":"https:\/\/wordpress.rextie.net\/index.php?rest_route=\/wp\/v2\/types\/page"}],"author":[{"embeddable":true,"href":"https:\/\/wordpress.rextie.net\/index.php?rest_route=\/wp\/v2\/users\/2"}],"replies":[{"embeddable":true,"href":"https:\/\/wordpress.rextie.net\/index.php?rest_route=%2Fwp%2Fv2%2Fcomments&post=3666"}],"version-history":[{"count":0,"href":"https:\/\/wordpress.rextie.net\/index.php?rest_route=\/wp\/v2\/pages\/3666\/revisions"}],"wp:attachment":[{"href":"https:\/\/wordpress.rextie.net\/index.php?rest_route=%2Fwp%2Fv2%2Fmedia&parent=3666"}],"curies":[{"name":"wp","href":"https:\/\/api.w.org\/{rel}","templated":true}]}}