{"id":3659,"date":"2025-09-08T10:52:43","date_gmt":"2025-09-08T15:52:43","guid":{"rendered":"https:\/\/wordpress.rextie.net\/?page_id=3659"},"modified":"2025-09-08T11:16:42","modified_gmt":"2025-09-08T16:16:42","slug":"cambio-sorteo-chicharron","status":"publish","type":"page","link":"https:\/\/wordpress.rextie.net\/?page_id=3659","title":{"rendered":"\u00a1Esta semana tu cambio gana!"},"content":{"rendered":"<h2><strong>T\u00e9rminos y condiciones para ganar:\u00a0<\/strong><\/h2>\n<ul>\n<li>Campa\u00f1a exclusiva para <strong>clientes registrados bajo el perfil de empresa y personas<\/strong><\/li>\n<li>El usuario participar\u00e1 de<strong> manera autom\u00e1tica al usar el cup\u00f3n IBAI \/ PERUCAMPEON.<\/strong><\/li>\n<li>La campa\u00f1a tendr\u00e1 un total de 3 ganadores<\/li>\n<li>Campa\u00f1a tendr\u00e1 <strong>vigencia hasta el 13 de setiembre <\/strong>\u00a0del 2025.<\/li>\n<\/ul>\n<h4><b>Informaci\u00f3n sobre el vale de consumo:<\/b><\/h4>\n<p>1 Combo Chicharr\u00f3n de &#8220;El Chinito&#8221;, que consta de:<\/p>\n<ul>\n<li style=\"list-style-type: none;\">\n<ul>\n<li>3\/4 de chicharr\u00f3n<\/li>\n<li>2 tamales de Pollo o Chancho<\/li>\n<li>5 panes<\/li>\n<\/ul>\n<\/li>\n<\/ul>\n<h4><strong>Otras condiciones:<\/strong><\/h4>\n<p>La coordinaci\u00f3n de entrega se realizar\u00e1 con 48 horas de anticipaci\u00f3n.<\/p>\n<p>La entrega del vale se realizar\u00e1 de manera personal.<\/p>\n<p>Sorteo v\u00e1lido para Lima.<\/p>\n","protected":false},"excerpt":{"rendered":"<p>T\u00e9rminos y condiciones para ganar:\u00a0 Campa\u00f1a exclusiva para clientes registrados bajo el perfil de empresa y personas El usuario participar\u00e1 de manera autom\u00e1tica al usar el cup\u00f3n IBAI \/ PERUCAMPEON. La campa\u00f1a tendr\u00e1 un total de 3 ganadores Campa\u00f1a tendr\u00e1 vigencia hasta el 13 de setiembre \u00a0del 2025. Informaci\u00f3n sobre el vale de consumo: 1 [&hellip;]<\/p>\n","protected":false},"author":2,"featured_media":0,"parent":0,"menu_order":0,"comment_status":"closed","ping_status":"closed","template":"","meta":{"footnotes":""},"class_list":["post-3659","page","type-page","status-publish","hentry"],"acf":{"is_terms_and_conditions_page":true,"theme":"cotizador","background_image":false,"background_image_mobile":false,"main_title_first":"","main_title_second":"","second_text":"","coupon":"","terms_and_conditions":"","social_comments":false,"meta_keywords":"","meta_description":"","meta_title":"","meta_image":false},"_links":{"self":[{"href":"https:\/\/wordpress.rextie.net\/index.php?rest_route=\/wp\/v2\/pages\/3659","targetHints":{"allow":["GET"]}}],"collection":[{"href":"https:\/\/wordpress.rextie.net\/index.php?rest_route=\/wp\/v2\/pages"}],"about":[{"href":"https:\/\/wordpress.rextie.net\/index.php?rest_route=\/wp\/v2\/types\/page"}],"author":[{"embeddable":true,"href":"https:\/\/wordpress.rextie.net\/index.php?rest_route=\/wp\/v2\/users\/2"}],"replies":[{"embeddable":true,"href":"https:\/\/wordpress.rextie.net\/index.php?rest_route=%2Fwp%2Fv2%2Fcomments&post=3659"}],"version-history":[{"count":0,"href":"https:\/\/wordpress.rextie.net\/index.php?rest_route=\/wp\/v2\/pages\/3659\/revisions"}],"wp:attachment":[{"href":"https:\/\/wordpress.rextie.net\/index.php?rest_route=%2Fwp%2Fv2%2Fmedia&parent=3659"}],"curies":[{"name":"wp","href":"https:\/\/api.w.org\/{rel}","templated":true}]}}