{"id":3645,"date":"2025-08-28T15:54:27","date_gmt":"2025-08-28T20:54:27","guid":{"rendered":"https:\/\/wordpress.rextie.net\/?page_id=3645"},"modified":"2025-08-28T15:55:06","modified_gmt":"2025-08-28T20:55:06","slug":"alianza-club-el-comercio-empresas","status":"publish","type":"page","link":"https:\/\/wordpress.rextie.net\/?page_id=3645","title":{"rendered":"Alianza Club El Comercio Empresas"},"content":{"rendered":"<p><strong>Beneficio del cup\u00f3n COMERCIOEMP en Rextie<\/strong><\/p>\n<p>Al ingresar el cup\u00f3n COMERCIOEMP al realizar una operaci\u00f3n de cambio de d\u00f3lares en la plataforma digital o app de Rextie, los usuarios obtienen una mejora en el tipo de cambio seg\u00fan su perfil:<\/p>\n<ul>\n<li>Perfil Nuevo con RUC 20\n<ul>\n<li>Mejora: 60 puntos b\u00e1sicos (PBS) para compra y\/o venta.<\/li>\n<li>Usos: 1 vez<\/li>\n<\/ul>\n<\/li>\n<\/ul>\n<ul>\n<li>Perfil Recurrente con RUC 20\n<ul>\n<li>Mejora de 50 PBS para compra y\/o venta.<\/li>\n<li>Uso: 10 veces<\/li>\n<\/ul>\n<\/li>\n<\/ul>\n<p>Esto significa que el usuario recibe un tipo de cambio m\u00e1s favorable al realizar su operaci\u00f3n, lo que puede traducirse en un ahorro o ganancia adicional respecto al tipo de cambio est\u00e1ndar ofrecido por la plataforma.<\/p>\n<p><strong>Condiciones de uso<\/strong><\/p>\n<ul>\n<li>Aplica \u00fanicamente a operaciones realizadas a trav\u00e9s de la plataforma digital y\/o la app de Rextie.<\/li>\n<li>El usuario debe contar con un perfil verificado en la plataforma.<\/li>\n<\/ul>\n<p><strong>Restricciones<\/strong><\/p>\n<ul>\n<li>No es acumulable con otras promociones, descuentos o mejoras de tipo de cambio.<\/li>\n<li>No aplica para perfiles con RUC 10 de negocio unipersonal ni para usuarios con perfiles no verificados.<\/li>\n<li>Rextie se reserva el derecho de anular la mejora si detecta un uso indebido del cup\u00f3n o condiciones irregulares en la operaci\u00f3n.<\/li>\n<\/ul>\n<p><strong>Vigencia de la campa\u00f1a<\/strong><\/p>\n<ul>\n<li>La promoci\u00f3n estar\u00e1 disponible hasta diciembre de 2025.<\/li>\n<\/ul>\n","protected":false},"excerpt":{"rendered":"<p>Beneficio del cup\u00f3n COMERCIOEMP en Rextie Al ingresar el cup\u00f3n COMERCIOEMP al realizar una operaci\u00f3n de cambio de d\u00f3lares en la plataforma digital o app de Rextie, los usuarios obtienen una mejora en el tipo de cambio seg\u00fan su perfil: Perfil Nuevo con RUC 20 Mejora: 60 puntos b\u00e1sicos (PBS) para compra y\/o venta. Usos: [&hellip;]<\/p>\n","protected":false},"author":2,"featured_media":0,"parent":0,"menu_order":0,"comment_status":"closed","ping_status":"closed","template":"","meta":{"footnotes":""},"class_list":["post-3645","page","type-page","status-publish","hentry"],"acf":{"is_terms_and_conditions_page":true,"theme":"cotizador","background_image":false,"background_image_mobile":false,"main_title_first":"","main_title_second":"","second_text":"","coupon":"","terms_and_conditions":"","social_comments":false,"meta_keywords":"","meta_description":"","meta_title":"","meta_image":false},"_links":{"self":[{"href":"https:\/\/wordpress.rextie.net\/index.php?rest_route=\/wp\/v2\/pages\/3645","targetHints":{"allow":["GET"]}}],"collection":[{"href":"https:\/\/wordpress.rextie.net\/index.php?rest_route=\/wp\/v2\/pages"}],"about":[{"href":"https:\/\/wordpress.rextie.net\/index.php?rest_route=\/wp\/v2\/types\/page"}],"author":[{"embeddable":true,"href":"https:\/\/wordpress.rextie.net\/index.php?rest_route=\/wp\/v2\/users\/2"}],"replies":[{"embeddable":true,"href":"https:\/\/wordpress.rextie.net\/index.php?rest_route=%2Fwp%2Fv2%2Fcomments&post=3645"}],"version-history":[{"count":0,"href":"https:\/\/wordpress.rextie.net\/index.php?rest_route=\/wp\/v2\/pages\/3645\/revisions"}],"wp:attachment":[{"href":"https:\/\/wordpress.rextie.net\/index.php?rest_route=%2Fwp%2Fv2%2Fmedia&parent=3645"}],"curies":[{"name":"wp","href":"https:\/\/api.w.org\/{rel}","templated":true}]}}