{"id":3592,"date":"2025-08-19T09:54:23","date_gmt":"2025-08-19T14:54:23","guid":{"rendered":"https:\/\/wordpress.rextie.net\/?page_id=3592"},"modified":"2025-09-01T12:30:25","modified_gmt":"2025-09-01T17:30:25","slug":"7-mil-millones-de-gracias-por-confiar-en-nosotros","status":"publish","type":"page","link":"https:\/\/wordpress.rextie.net\/?page_id=3592","title":{"rendered":"\u00a17 Mil Millones de gracias por confiar en nosotros!"},"content":{"rendered":"<p><strong>T\u00e9rminos y condiciones para ganar:\u00a0<\/strong><\/p>\n<ul>\n<li>Campa\u00f1a exclusiva para <strong>clientes registrados bajo el perfil de empresa y personas<\/strong><\/li>\n<li>El usuario participar\u00e1 de<strong> manera autom\u00e1tica al usar el cup\u00f3n 7MM.<\/strong><\/li>\n<li>La campa\u00f1a tendr\u00e1 un total de 7 ganadores<\/li>\n<li>Campa\u00f1a tendr\u00e1 <strong>vigencia hasta el 6 de setiembre <\/strong>\u00a0del 2025.<\/li>\n<\/ul>\n<p>&nbsp;<\/p>\n<p><b>Informaci\u00f3n sobre el vale de consumo:<\/b><\/p>\n<ul>\n<li>2 Vales de Plaza Vea.<\/li>\n<li>2 Experiencias Big Box.<\/li>\n<li>3 Gift Cards de Chilis de S\/ 50.<\/li>\n<\/ul>\n<p>&nbsp;<\/p>\n<p>Toda entrega se realizar\u00e1 de manera presencial en la oficina de Rextie.<\/p>\n","protected":false},"excerpt":{"rendered":"<p>T\u00e9rminos y condiciones para ganar:\u00a0 Campa\u00f1a exclusiva para clientes registrados bajo el perfil de empresa y personas El usuario participar\u00e1 de manera autom\u00e1tica al usar el cup\u00f3n 7MM. La campa\u00f1a tendr\u00e1 un total de 7 ganadores Campa\u00f1a tendr\u00e1 vigencia hasta el 6 de setiembre \u00a0del 2025. &nbsp; Informaci\u00f3n sobre el vale de consumo: 2 Vales [&hellip;]<\/p>\n","protected":false},"author":2,"featured_media":0,"parent":0,"menu_order":0,"comment_status":"closed","ping_status":"closed","template":"","meta":{"footnotes":""},"class_list":["post-3592","page","type-page","status-publish","hentry"],"acf":{"is_terms_and_conditions_page":true,"theme":"cotizador","background_image":false,"background_image_mobile":false,"main_title_first":"","main_title_second":"","second_text":"","coupon":"","terms_and_conditions":"","social_comments":false,"meta_keywords":"","meta_description":"","meta_title":"","meta_image":false},"_links":{"self":[{"href":"https:\/\/wordpress.rextie.net\/index.php?rest_route=\/wp\/v2\/pages\/3592","targetHints":{"allow":["GET"]}}],"collection":[{"href":"https:\/\/wordpress.rextie.net\/index.php?rest_route=\/wp\/v2\/pages"}],"about":[{"href":"https:\/\/wordpress.rextie.net\/index.php?rest_route=\/wp\/v2\/types\/page"}],"author":[{"embeddable":true,"href":"https:\/\/wordpress.rextie.net\/index.php?rest_route=\/wp\/v2\/users\/2"}],"replies":[{"embeddable":true,"href":"https:\/\/wordpress.rextie.net\/index.php?rest_route=%2Fwp%2Fv2%2Fcomments&post=3592"}],"version-history":[{"count":0,"href":"https:\/\/wordpress.rextie.net\/index.php?rest_route=\/wp\/v2\/pages\/3592\/revisions"}],"wp:attachment":[{"href":"https:\/\/wordpress.rextie.net\/index.php?rest_route=%2Fwp%2Fv2%2Fmedia&parent=3592"}],"curies":[{"name":"wp","href":"https:\/\/api.w.org\/{rel}","templated":true}]}}