{"id":3572,"date":"2025-08-05T15:54:38","date_gmt":"2025-08-05T20:54:38","guid":{"rendered":"https:\/\/wordpress.rextie.net\/?page_id=3572"},"modified":"2025-08-12T15:36:55","modified_gmt":"2025-08-12T20:36:55","slug":"alianza-con-mi-contador-no-me-dijo","status":"publish","type":"page","link":"https:\/\/wordpress.rextie.net\/?page_id=3572","title":{"rendered":"Alianza con &#8220;Mi Contador No Me Dijo&#8221;"},"content":{"rendered":"<p class=\"my-0\">Los oyentes y seguidores del canal \u201cMi Contador No Me Dijo\u201d podr\u00e1n acceder a una mejora preferencial en su tipo de cambio, conforme a las siguientes condiciones:<\/p>\n<p><strong>Cup\u00f3n de mejora: MICONTADOR<\/strong><\/p>\n<p class=\"my-0\"><strong>Puntos de mejora para usuarios registrados con perfil persona o empresa:<\/strong><\/p>\n<ul>\n<li>\n<p class=\"my-0\"><strong>45 PBS de mejora para compra \/venta:<\/strong>\u00a0aplicable en la primera operaci\u00f3n realizada.<\/p>\n<\/li>\n<li>\n<p class=\"my-0\"><strong>30 PBS de mejora para compra \/venta:<\/strong>\u00a0aplicable para usuarios recurrentes.<\/p>\n<\/li>\n<\/ul>\n<p><em>Promoci\u00f3n v\u00e1lida para un m\u00e1ximo de 3 operaciones por usuario, hasta el 31 de octubre.<\/em><\/p>\n","protected":false},"excerpt":{"rendered":"<p>Los oyentes y seguidores del canal \u201cMi Contador No Me Dijo\u201d podr\u00e1n acceder a una mejora preferencial en su tipo de cambio, conforme a las siguientes condiciones: Cup\u00f3n de mejora: MICONTADOR Puntos de mejora para usuarios registrados con perfil persona o empresa: 45 PBS de mejora para compra \/venta:\u00a0aplicable en la primera operaci\u00f3n realizada. 30 [&hellip;]<\/p>\n","protected":false},"author":2,"featured_media":0,"parent":0,"menu_order":0,"comment_status":"closed","ping_status":"closed","template":"","meta":{"footnotes":""},"class_list":["post-3572","page","type-page","status-publish","hentry"],"acf":{"is_terms_and_conditions_page":true,"theme":"cotizador","background_image":false,"background_image_mobile":false,"main_title_first":"","main_title_second":"","second_text":"","coupon":"","terms_and_conditions":"","social_comments":false,"meta_keywords":"","meta_description":"","meta_title":"","meta_image":false},"_links":{"self":[{"href":"https:\/\/wordpress.rextie.net\/index.php?rest_route=\/wp\/v2\/pages\/3572","targetHints":{"allow":["GET"]}}],"collection":[{"href":"https:\/\/wordpress.rextie.net\/index.php?rest_route=\/wp\/v2\/pages"}],"about":[{"href":"https:\/\/wordpress.rextie.net\/index.php?rest_route=\/wp\/v2\/types\/page"}],"author":[{"embeddable":true,"href":"https:\/\/wordpress.rextie.net\/index.php?rest_route=\/wp\/v2\/users\/2"}],"replies":[{"embeddable":true,"href":"https:\/\/wordpress.rextie.net\/index.php?rest_route=%2Fwp%2Fv2%2Fcomments&post=3572"}],"version-history":[{"count":0,"href":"https:\/\/wordpress.rextie.net\/index.php?rest_route=\/wp\/v2\/pages\/3572\/revisions"}],"wp:attachment":[{"href":"https:\/\/wordpress.rextie.net\/index.php?rest_route=%2Fwp%2Fv2%2Fmedia&parent=3572"}],"curies":[{"name":"wp","href":"https:\/\/api.w.org\/{rel}","templated":true}]}}