{"id":3535,"date":"2025-07-21T10:06:36","date_gmt":"2025-07-21T15:06:36","guid":{"rendered":"https:\/\/wordpress.rextie.net\/?page_id=3535"},"modified":"2025-08-04T10:58:02","modified_gmt":"2025-08-04T15:58:02","slug":"tu-cambio-puede-ganar","status":"publish","type":"page","link":"https:\/\/wordpress.rextie.net\/?page_id=3535","title":{"rendered":"\u00a1Tu cambio puede ganar!"},"content":{"rendered":"<p><strong>T\u00e9rminos y condiciones para ganar:\u00a0<\/strong><\/p>\n<ul>\n<li>Campa\u00f1a exclusiva para <strong>clientes registrados bajo el perfil de empresa y personas<\/strong><\/li>\n<li>El usuario participar\u00e1 de<strong> manera autom\u00e1tica al usar el cup\u00f3n REXTIECAMBIO.<\/strong><\/li>\n<li>La campa\u00f1a tendr\u00e1 un total de 2 ganadores<\/li>\n<li>Campa\u00f1a tendr\u00e1 <strong>vigencia hasta el 31 de Julio<\/strong> del 2025.<\/li>\n<\/ul>\n<p>&nbsp;<\/p>\n<p><b>Informaci\u00f3n sobre el vale de consumo:<\/b><\/p>\n<ul>\n<li>Gift Card de S\/100 en Ripley.<\/li>\n<li>V\u00e1lido para su uso en Ripley a nivel nacional.<\/li>\n<\/ul>\n","protected":false},"excerpt":{"rendered":"<p>T\u00e9rminos y condiciones para ganar:\u00a0 Campa\u00f1a exclusiva para clientes registrados bajo el perfil de empresa y personas El usuario participar\u00e1 de manera autom\u00e1tica al usar el cup\u00f3n REXTIECAMBIO. La campa\u00f1a tendr\u00e1 un total de 2 ganadores Campa\u00f1a tendr\u00e1 vigencia hasta el 31 de Julio del 2025. &nbsp; Informaci\u00f3n sobre el vale de consumo: Gift Card [&hellip;]<\/p>\n","protected":false},"author":2,"featured_media":0,"parent":0,"menu_order":0,"comment_status":"closed","ping_status":"closed","template":"","meta":{"footnotes":""},"class_list":["post-3535","page","type-page","status-publish","hentry"],"acf":{"is_terms_and_conditions_page":true,"theme":"cotizador","background_image":false,"background_image_mobile":false,"main_title_first":"","main_title_second":"","second_text":"","coupon":"","terms_and_conditions":"","social_comments":false,"meta_keywords":"","meta_description":"","meta_title":"","meta_image":false},"_links":{"self":[{"href":"https:\/\/wordpress.rextie.net\/index.php?rest_route=\/wp\/v2\/pages\/3535","targetHints":{"allow":["GET"]}}],"collection":[{"href":"https:\/\/wordpress.rextie.net\/index.php?rest_route=\/wp\/v2\/pages"}],"about":[{"href":"https:\/\/wordpress.rextie.net\/index.php?rest_route=\/wp\/v2\/types\/page"}],"author":[{"embeddable":true,"href":"https:\/\/wordpress.rextie.net\/index.php?rest_route=\/wp\/v2\/users\/2"}],"replies":[{"embeddable":true,"href":"https:\/\/wordpress.rextie.net\/index.php?rest_route=%2Fwp%2Fv2%2Fcomments&post=3535"}],"version-history":[{"count":0,"href":"https:\/\/wordpress.rextie.net\/index.php?rest_route=\/wp\/v2\/pages\/3535\/revisions"}],"wp:attachment":[{"href":"https:\/\/wordpress.rextie.net\/index.php?rest_route=%2Fwp%2Fv2%2Fmedia&parent=3535"}],"curies":[{"name":"wp","href":"https:\/\/api.w.org\/{rel}","templated":true}]}}