{"id":3313,"date":"2025-04-28T15:50:01","date_gmt":"2025-04-28T20:50:01","guid":{"rendered":"https:\/\/wordpress.rextie.net\/?page_id=3313"},"modified":"2025-04-28T15:52:12","modified_gmt":"2025-04-28T20:52:12","slug":"rextie_regalo_abril","status":"publish","type":"page","link":"https:\/\/wordpress.rextie.net\/?page_id=3313","title":{"rendered":"\u00a1Rextie Regalo!"},"content":{"rendered":"<p><strong>T\u00e9rminos y condiciones para ganar:\u00a0<\/strong><\/p>\n<ul>\n<li>Campa\u00f1a exclusiva para <strong>clientes con perfil persona y empresas.<\/strong><\/li>\n<li>Cup\u00f3n v\u00e1lido solo para <strong>primera operaci\u00f3n por montos mayores a $50.<\/strong><\/li>\n<li>El usuario participar\u00e1 de<strong> manera autom\u00e1tica al usar el cup\u00f3n REGALOVEA.<\/strong><\/li>\n<li>Se sortear\u00e1 <strong>una Gift card de S\/. 100 en Plaza Vea.<\/strong><\/li>\n<li>El sorteo <strong>tendr\u00e1 2 ganadores.<\/strong><\/li>\n<li>Campa\u00f1a tendr\u00e1 <strong>vigencia hasta el 30 de abril<\/strong> del 2025.<\/li>\n<\/ul>\n<p>&nbsp;<\/p>\n<p><b>Informaci\u00f3n sobre la GIFT CARD:<\/b><\/p>\n<ul>\n<li>Monto no reembolsable.<\/li>\n<li>El vale es intransferible.<\/li>\n<li>Podr\u00e1 utilizar el GIFT CARD en todas las tiendas f\u00edsicas PLAZA VEA a nivel nacional.<\/li>\n<li>La entrega del Vale es presencial.<\/li>\n<\/ul>\n","protected":false},"excerpt":{"rendered":"<p>T\u00e9rminos y condiciones para ganar:\u00a0 Campa\u00f1a exclusiva para clientes con perfil persona y empresas. Cup\u00f3n v\u00e1lido solo para primera operaci\u00f3n por montos mayores a $50. El usuario participar\u00e1 de manera autom\u00e1tica al usar el cup\u00f3n REGALOVEA. Se sortear\u00e1 una Gift card de S\/. 100 en Plaza Vea. El sorteo tendr\u00e1 2 ganadores. Campa\u00f1a tendr\u00e1 vigencia [&hellip;]<\/p>\n","protected":false},"author":2,"featured_media":0,"parent":0,"menu_order":0,"comment_status":"closed","ping_status":"closed","template":"","meta":{"footnotes":""},"class_list":["post-3313","page","type-page","status-publish","hentry"],"acf":{"is_terms_and_conditions_page":true,"theme":"cotizador","background_image":false,"background_image_mobile":false,"main_title_first":"","main_title_second":"","second_text":"","coupon":"","terms_and_conditions":"","social_comments":false,"meta_keywords":"","meta_description":"","meta_title":"","meta_image":false},"_links":{"self":[{"href":"https:\/\/wordpress.rextie.net\/index.php?rest_route=\/wp\/v2\/pages\/3313","targetHints":{"allow":["GET"]}}],"collection":[{"href":"https:\/\/wordpress.rextie.net\/index.php?rest_route=\/wp\/v2\/pages"}],"about":[{"href":"https:\/\/wordpress.rextie.net\/index.php?rest_route=\/wp\/v2\/types\/page"}],"author":[{"embeddable":true,"href":"https:\/\/wordpress.rextie.net\/index.php?rest_route=\/wp\/v2\/users\/2"}],"replies":[{"embeddable":true,"href":"https:\/\/wordpress.rextie.net\/index.php?rest_route=%2Fwp%2Fv2%2Fcomments&post=3313"}],"version-history":[{"count":0,"href":"https:\/\/wordpress.rextie.net\/index.php?rest_route=\/wp\/v2\/pages\/3313\/revisions"}],"wp:attachment":[{"href":"https:\/\/wordpress.rextie.net\/index.php?rest_route=%2Fwp%2Fv2%2Fmedia&parent=3313"}],"curies":[{"name":"wp","href":"https:\/\/api.w.org\/{rel}","templated":true}]}}